{"id":866,"date":"2021-05-07T12:22:20","date_gmt":"2021-05-07T17:22:20","guid":{"rendered":"https:\/\/zonadulce.co\/?page_id=866"},"modified":"2021-05-13T17:44:45","modified_gmt":"2021-05-13T22:44:45","slug":"todorico","status":"publish","type":"page","link":"https:\/\/zonadulce.co\/?page_id=866","title":{"rendered":""},"content":{"rendered":"\n<figure class=\"wp-block-image size-large is-resized\"><img loading=\"lazy\" decoding=\"async\" src=\"https:\/\/zonadulce.co\/wp-content\/uploads\/2021\/03\/logoweb-1.png\" alt=\"\" class=\"wp-image-349\" width=\"250\" height=\"88\" srcset=\"https:\/\/zonadulce.co\/wp-content\/uploads\/2021\/03\/logoweb-1.png 765w, https:\/\/zonadulce.co\/wp-content\/uploads\/2021\/03\/logoweb-1-450x157.png 450w, https:\/\/zonadulce.co\/wp-content\/uploads\/2021\/03\/logoweb-1-600x209.png 600w, https:\/\/zonadulce.co\/wp-content\/uploads\/2021\/03\/logoweb-1-300x105.png 300w\" sizes=\"auto, (max-width: 250px) 100vw, 250px\" \/><\/figure>\n\n\n<div id=\"foodstore\" class=\"fs-container\">\n\t<div class=\"fs-row\">\n<div id=\"wfs-sticky-sidebar\" class=\"\">\n  <div class=\"wfs-sidebar-menu\">\n    <ul>\n<li class=\"wfs-category-menu-li tr-pasteleria\">\n  \n      <a class=\"wfs-loop-category__title\" data-category-title=\"tr-pasteleria\" data-category-id=\"103\" href=\"javascript:void(0);\">\n      Pasteler\u00eda <span class=\"wfs-items-count\">1<\/span>    <\/a>\n    \n<\/li>\n<li class=\"wfs-category-menu-li tr-postres\">\n  \n      <a class=\"wfs-loop-category__title\" data-category-title=\"tr-postres\" data-category-id=\"102\" href=\"javascript:void(0);\">\n      Postres <span class=\"wfs-items-count\">6<\/span>    <\/a>\n    \n<\/li>    <\/ul>\n  <\/div>\n<\/div>\n<div id=\"wfs-food-items\" class=\"\"><!-- Search bar start -->\n<div class=\"wfs-search-container\">\n<input class=\"wfs-food-search\" type=\"text\" placeholder=\"Buscar platos ..\" name=\"wfs-search\">\n<i class=\"wfs-icon-search\"><\/i>\n<\/div>\n<!-- Search bar end -->\n<!--  Food Category Menu -->\n<div id=\"103_start\" class=\"wfs-category-title-container not-in-search in-search\"  data-category-title=\"tr-pasteleria\" data-term-id=\"103\" >\n\t\n\t\n\t<h3 id=\"103\" data-title=\"tr-pasteleria\" class=\"wfs-category-title\">Pasteler\u00eda<\/h3>\n\t<span class=\"wfs-category-short-desciption\"><\/span>\n\n\t\n<\/div><div class=\"fs-row\"><div class=\"fs-col-lg-6 fs-col-md-6 fs-col-sm-12 fs-col-xs-12 fs-2-columns\">\n<div class=\"wfs-food-item-container\" data-term-id=\"103\">\n\n  \n\n\t<div class=\"wfs-food-item-image-container\">\n\t\t\n\t\t\n\t\t\t\t  \t\t\n\t  \t\t<img class=\"wfs-lazy-load\" alt=\"PASTEL DE POLLO O CARNE\" data-src=\"https:\/\/zonadulce.co\/wp-content\/uploads\/2021\/03\/todorico-1-309-120x120-1.jpg\" style=\"width: 65px;\" \/>\n\t  \t\n\t  \t\t<\/div>\n\n  <div class=\"wfs-food-item-summery\">\n    \n    <a href=\"javascript:void(0);\" class=\"wfs-food-item-title\">PASTEL DE POLLO O CARNE<\/a><div class=\"wfs-food-item-description\">\n  \tLa caracter\u00edstica principal de este aparte del crujiente hojaldre es su abundante y especial relleno.<\/div><p class=\"price\"><span class=\"woocommerce-Price-amount amount\"><bdi><span class=\"woocommerce-Price-currencySymbol\">&#36;<\/span>3800<\/bdi><\/span><\/p>    \n    \n      <button class=\"fs-btn fs-btn-primary button-add-to-cart wfs-product-modal\" data-product-id=\"541\" data-loading-text=\"Espere...\">\n          <span class=\"wfs_btn_txt\">A\u00f1adir<\/span>\n          <i class=\"wfs-icon-plus\"><\/i>\n        <\/button>\n\n    \n  <\/div>\n\n  \n<div class=\"fs-text-right wfs-food-item-cart-action\">\n\t\n\t\n\t\t<button class=\"fs-btn fs-btn-primary button-add-to-cart wfs-product-modal\" data-product-id=\"541\" data-loading-text=\"Espere...\">\n    \t\t<span class=\"wfs_btn_txt\">A\u00f1adir<\/span>\n    \t\t<i class=\"wfs-icon-plus\"><\/i>\n  \t\t<\/button>\n\n\t<\/div>\n<\/div><\/div><\/div>\n<div id=\"tr-pasteleria_end\"><\/div>\n<!--  Food Category Menu End -->\n<!--  Food Category Menu -->\n<div id=\"102_start\" class=\"wfs-category-title-container not-in-search in-search\"  data-category-title=\"tr-postres\" data-term-id=\"102\" >\n\t\n\t\n\t<h3 id=\"102\" data-title=\"tr-postres\" class=\"wfs-category-title\">Postres<\/h3>\n\t<span class=\"wfs-category-short-desciption\"><\/span>\n\n\t\n<\/div><div class=\"fs-row\"><div class=\"fs-col-lg-6 fs-col-md-6 fs-col-sm-12 fs-col-xs-12 fs-2-columns\">\n<div class=\"wfs-food-item-container\" data-term-id=\"102\">\n\n  \n\n\t<div class=\"wfs-food-item-image-container\">\n\t\t\n\t\t\n\t\t\t\t  \t\t\n\t  \t\t<img class=\"wfs-lazy-load\" alt=\"Semifr\u00edo de milo\" data-src=\"https:\/\/zonadulce.co\/wp-content\/uploads\/2021\/03\/todorico-1-239-450x450.jpg\" style=\"width: 65px;\" \/>\n\t  \t\n\t  \t\t<\/div>\n\n  <div class=\"wfs-food-item-summery\">\n    \n    <a href=\"javascript:void(0);\" class=\"wfs-food-item-title\">Semifr\u00edo de milo<\/a><div class=\"wfs-food-item-description\">\n  \tEs otra forma de degustar el delicioso sabor del milo, con toda la suavidad de su textura.<\/div><p class=\"price\"><span class=\"woocommerce-Price-amount amount\" aria-hidden=\"true\"><bdi><span class=\"woocommerce-Price-currencySymbol\">&#36;<\/span>30500<\/bdi><\/span> <span aria-hidden=\"true\">-<\/span> <span class=\"woocommerce-Price-amount amount\" aria-hidden=\"true\"><bdi><span class=\"woocommerce-Price-currencySymbol\">&#36;<\/span>58000<\/bdi><\/span><span class=\"screen-reader-text\">Rango de precios: desde &#36;30500 hasta &#36;58000<\/span><\/p>    \n    \n      <button class=\"fs-btn fs-btn-primary button-add-to-cart wfs-product-modal\" data-product-id=\"535\" data-loading-text=\"Espere...\">\n          <span class=\"wfs_btn_txt\">A\u00f1adir<\/span>\n          <i class=\"wfs-icon-plus\"><\/i>\n        <\/button>\n\n    \n  <\/div>\n\n  \n<div class=\"fs-text-right wfs-food-item-cart-action\">\n\t\n\t\n\t\t<button class=\"fs-btn fs-btn-primary button-add-to-cart wfs-product-modal\" data-product-id=\"535\" data-loading-text=\"Espere...\">\n    \t\t<span class=\"wfs_btn_txt\">A\u00f1adir<\/span>\n    \t\t<i class=\"wfs-icon-plus\"><\/i>\n  \t\t<\/button>\n\n\t<\/div>\n<\/div><\/div><div class=\"fs-col-lg-6 fs-col-md-6 fs-col-sm-12 fs-col-xs-12 fs-2-columns\">\n<div class=\"wfs-food-item-container\" data-term-id=\"102\">\n\n  \n\n\t<div class=\"wfs-food-item-image-container\">\n\t\t\n\t\t\n\t\t\t\t  \t\t\n\t  \t\t<img class=\"wfs-lazy-load\" alt=\"Veteado frutos rojos\" data-src=\"https:\/\/zonadulce.co\/wp-content\/uploads\/2021\/03\/todorico-1-498-2-1-450x300.jpg\" style=\"width: 65px;\" \/>\n\t  \t\n\t  \t\t<\/div>\n\n  <div class=\"wfs-food-item-summery\">\n    \n    <a href=\"javascript:void(0);\" class=\"wfs-food-item-title\">Veteado frutos rojos<\/a><div class=\"wfs-food-item-description\">\n  \tEs una mezcla de yogurt de frutos rojos , queso crema y otros ingredientes que forman una textura suave la cual va sobre una capa de bizcochuelo<\/div><p class=\"price\"><span class=\"woocommerce-Price-amount amount\" aria-hidden=\"true\"><bdi><span class=\"woocommerce-Price-currencySymbol\">&#36;<\/span>30500<\/bdi><\/span> <span aria-hidden=\"true\">-<\/span> <span class=\"woocommerce-Price-amount amount\" aria-hidden=\"true\"><bdi><span class=\"woocommerce-Price-currencySymbol\">&#36;<\/span>105500<\/bdi><\/span><span class=\"screen-reader-text\">Rango de precios: desde &#36;30500 hasta &#36;105500<\/span><\/p>    \n    \n      <button class=\"fs-btn fs-btn-primary button-add-to-cart wfs-product-modal\" data-product-id=\"536\" data-loading-text=\"Espere...\">\n          <span class=\"wfs_btn_txt\">A\u00f1adir<\/span>\n          <i class=\"wfs-icon-plus\"><\/i>\n        <\/button>\n\n    \n  <\/div>\n\n  \n<div class=\"fs-text-right wfs-food-item-cart-action\">\n\t\n\t\n\t\t<button class=\"fs-btn fs-btn-primary button-add-to-cart wfs-product-modal\" data-product-id=\"536\" data-loading-text=\"Espere...\">\n    \t\t<span class=\"wfs_btn_txt\">A\u00f1adir<\/span>\n    \t\t<i class=\"wfs-icon-plus\"><\/i>\n  \t\t<\/button>\n\n\t<\/div>\n<\/div><\/div><\/div><div class=\"fs-row\"><div class=\"fs-col-lg-6 fs-col-md-6 fs-col-sm-12 fs-col-xs-12 fs-2-columns\">\n<div class=\"wfs-food-item-container\" data-term-id=\"102\">\n\n  \n\n\t<div class=\"wfs-food-item-image-container\">\n\t\t\n\t\t\n\t\t\t\t  \t\t\n\t  \t\t<img class=\"wfs-lazy-load\" alt=\"Tiramis\u00fa\" data-src=\"https:\/\/zonadulce.co\/wp-content\/uploads\/2021\/03\/todorico-1-045-450x450.jpg\" style=\"width: 65px;\" \/>\n\t  \t\n\t  \t\t<\/div>\n\n  <div class=\"wfs-food-item-summery\">\n    \n    <a href=\"javascript:void(0);\" class=\"wfs-food-item-title\">Tiramis\u00fa<\/a><div class=\"wfs-food-item-description\">\n  \tBizcochuelo ba\u00f1ado en caf\u00e9 y amaretto , relleno con una deliciosa crema a base de tiraponeal.<\/div><p class=\"price\"><span class=\"woocommerce-Price-amount amount\" aria-hidden=\"true\"><bdi><span class=\"woocommerce-Price-currencySymbol\">&#36;<\/span>5700<\/bdi><\/span> <span aria-hidden=\"true\">-<\/span> <span class=\"woocommerce-Price-amount amount\" aria-hidden=\"true\"><bdi><span class=\"woocommerce-Price-currencySymbol\">&#36;<\/span>105500<\/bdi><\/span><span class=\"screen-reader-text\">Rango de precios: desde &#36;5700 hasta &#36;105500<\/span><\/p>    \n    \n      <button class=\"fs-btn fs-btn-primary button-add-to-cart wfs-product-modal\" data-product-id=\"537\" data-loading-text=\"Espere...\">\n          <span class=\"wfs_btn_txt\">A\u00f1adir<\/span>\n          <i class=\"wfs-icon-plus\"><\/i>\n        <\/button>\n\n    \n  <\/div>\n\n  \n<div class=\"fs-text-right wfs-food-item-cart-action\">\n\t\n\t\n\t\t<button class=\"fs-btn fs-btn-primary button-add-to-cart wfs-product-modal\" data-product-id=\"537\" data-loading-text=\"Espere...\">\n    \t\t<span class=\"wfs_btn_txt\">A\u00f1adir<\/span>\n    \t\t<i class=\"wfs-icon-plus\"><\/i>\n  \t\t<\/button>\n\n\t<\/div>\n<\/div><\/div><div class=\"fs-col-lg-6 fs-col-md-6 fs-col-sm-12 fs-col-xs-12 fs-2-columns\">\n<div class=\"wfs-food-item-container\" data-term-id=\"102\">\n\n  \n\n\t<div class=\"wfs-food-item-image-container\">\n\t\t\n\t\t\n\t\t\t\t  \t\t\n\t  \t\t<img class=\"wfs-lazy-load\" alt=\"Tentaci\u00f3n\" data-src=\"https:\/\/zonadulce.co\/wp-content\/uploads\/2021\/03\/todorico-1-056-editar-450x450.jpg\" style=\"width: 65px;\" \/>\n\t  \t\n\t  \t\t<\/div>\n\n  <div class=\"wfs-food-item-summery\">\n    \n    <a href=\"javascript:void(0);\" class=\"wfs-food-item-title\">Tentaci\u00f3n<\/a><div class=\"wfs-food-item-description\">\n  \tSu delicada elaboraci\u00f3n y su exquisita combinaci\u00f3n de frutas y crema, hacen que el bizcochuelo sea a\u00fan m\u00e1s apetecible.<\/div><p class=\"price\"><span class=\"woocommerce-Price-amount amount\" aria-hidden=\"true\"><bdi><span class=\"woocommerce-Price-currencySymbol\">&#36;<\/span>30500<\/bdi><\/span> <span aria-hidden=\"true\">-<\/span> <span class=\"woocommerce-Price-amount amount\" aria-hidden=\"true\"><bdi><span class=\"woocommerce-Price-currencySymbol\">&#36;<\/span>105500<\/bdi><\/span><span class=\"screen-reader-text\">Rango de precios: desde &#36;30500 hasta &#36;105500<\/span><\/p>    \n    \n      <button class=\"fs-btn fs-btn-primary button-add-to-cart wfs-product-modal\" data-product-id=\"538\" data-loading-text=\"Espere...\">\n          <span class=\"wfs_btn_txt\">A\u00f1adir<\/span>\n          <i class=\"wfs-icon-plus\"><\/i>\n        <\/button>\n\n    \n  <\/div>\n\n  \n<div class=\"fs-text-right wfs-food-item-cart-action\">\n\t\n\t\n\t\t<button class=\"fs-btn fs-btn-primary button-add-to-cart wfs-product-modal\" data-product-id=\"538\" data-loading-text=\"Espere...\">\n    \t\t<span class=\"wfs_btn_txt\">A\u00f1adir<\/span>\n    \t\t<i class=\"wfs-icon-plus\"><\/i>\n  \t\t<\/button>\n\n\t<\/div>\n<\/div><\/div><\/div><div class=\"fs-row\"><div class=\"fs-col-lg-6 fs-col-md-6 fs-col-sm-12 fs-col-xs-12 fs-2-columns\">\n<div class=\"wfs-food-item-container\" data-term-id=\"102\">\n\n  \n\n\t<div class=\"wfs-food-item-image-container\">\n\t\t\n\t\t\n\t\t\t\t  \t\t\n\t  \t\t<img class=\"wfs-lazy-load\" alt=\"TodoRico\" data-src=\"https:\/\/zonadulce.co\/wp-content\/uploads\/2021\/03\/todorico-1-655-450x357.jpg\" style=\"width: 65px;\" \/>\n\t  \t\n\t  \t\t<\/div>\n\n  <div class=\"wfs-food-item-summery\">\n    \n    <a href=\"javascript:void(0);\" class=\"wfs-food-item-title\">TodoRico<\/a><div class=\"wfs-food-item-description\">\n  \tQuisimos hacer alusi\u00f3n a nuestro nombre, por eso su receta es una deliciosa combinaci\u00f3n de bizcochuelo, merengue, frutas y crema.<\/div><p class=\"price\"><span class=\"woocommerce-Price-amount amount\" aria-hidden=\"true\"><bdi><span class=\"woocommerce-Price-currencySymbol\">&#36;<\/span>59000<\/bdi><\/span> <span aria-hidden=\"true\">-<\/span> <span class=\"woocommerce-Price-amount amount\" aria-hidden=\"true\"><bdi><span class=\"woocommerce-Price-currencySymbol\">&#36;<\/span>108000<\/bdi><\/span><span class=\"screen-reader-text\">Rango de precios: desde &#36;59000 hasta &#36;108000<\/span><\/p>    \n    \n      <button class=\"fs-btn fs-btn-primary button-add-to-cart wfs-product-modal\" data-product-id=\"539\" data-loading-text=\"Espere...\">\n          <span class=\"wfs_btn_txt\">A\u00f1adir<\/span>\n          <i class=\"wfs-icon-plus\"><\/i>\n        <\/button>\n\n    \n  <\/div>\n\n  \n<div class=\"fs-text-right wfs-food-item-cart-action\">\n\t\n\t\n\t\t<button class=\"fs-btn fs-btn-primary button-add-to-cart wfs-product-modal\" data-product-id=\"539\" data-loading-text=\"Espere...\">\n    \t\t<span class=\"wfs_btn_txt\">A\u00f1adir<\/span>\n    \t\t<i class=\"wfs-icon-plus\"><\/i>\n  \t\t<\/button>\n\n\t<\/div>\n<\/div><\/div><div class=\"fs-col-lg-6 fs-col-md-6 fs-col-sm-12 fs-col-xs-12 fs-2-columns\">\n<div class=\"wfs-food-item-container\" data-term-id=\"102\">\n\n  \n\n\t<div class=\"wfs-food-item-image-container\">\n\t\t\n\t\t\n\t\t\t\t  \t\t\n\t  \t\t<img class=\"wfs-lazy-load\" alt=\"Torta de las tres leches\" data-src=\"https:\/\/zonadulce.co\/wp-content\/uploads\/2021\/03\/todorico-1-773-120x120-1.jpg\" style=\"width: 65px;\" \/>\n\t  \t\n\t  \t\t<\/div>\n\n  <div class=\"wfs-food-item-summery\">\n    \n    <a href=\"javascript:void(0);\" class=\"wfs-food-item-title\">Torta de las tres leches<\/a><div class=\"wfs-food-item-description\">\n  \t<p>Su capa de arequipe y su salsa de las tres leches hacen de esta torta una de las preferida de nuestro clientes.<\/p><\/div><p class=\"price\"><span class=\"woocommerce-Price-amount amount\" aria-hidden=\"true\"><bdi><span class=\"woocommerce-Price-currencySymbol\">&#36;<\/span>5700<\/bdi><\/span> <span aria-hidden=\"true\">-<\/span> <span class=\"woocommerce-Price-amount amount\" aria-hidden=\"true\"><bdi><span class=\"woocommerce-Price-currencySymbol\">&#36;<\/span>105500<\/bdi><\/span><span class=\"screen-reader-text\">Rango de precios: desde &#36;5700 hasta &#36;105500<\/span><\/p>    \n    \n      <button class=\"fs-btn fs-btn-primary button-add-to-cart wfs-product-modal\" data-product-id=\"540\" data-loading-text=\"Espere...\">\n          <span class=\"wfs_btn_txt\">A\u00f1adir<\/span>\n          <i class=\"wfs-icon-plus\"><\/i>\n        <\/button>\n\n    \n  <\/div>\n\n  \n<div class=\"fs-text-right wfs-food-item-cart-action\">\n\t\n\t\n\t\t<button class=\"fs-btn fs-btn-primary button-add-to-cart wfs-product-modal\" data-product-id=\"540\" data-loading-text=\"Espere...\">\n    \t\t<span class=\"wfs_btn_txt\">A\u00f1adir<\/span>\n    \t\t<i class=\"wfs-icon-plus\"><\/i>\n  \t\t<\/button>\n\n\t<\/div>\n<\/div><\/div><\/div><div class=\"fs-row\"><\/div>\n<div id=\"tr-postres_end\"><\/div>\n<!--  Food Category Menu End --><\/div>\t<\/div>\n<\/div>\n","protected":false},"excerpt":{"rendered":"","protected":false},"author":1,"featured_media":0,"parent":0,"menu_order":0,"comment_status":"closed","ping_status":"closed","template":"","meta":{"footnotes":""},"class_list":["post-866","page","type-page","status-publish","hentry"],"_links":{"self":[{"href":"https:\/\/zonadulce.co\/index.php?rest_route=\/wp\/v2\/pages\/866","targetHints":{"allow":["GET"]}}],"collection":[{"href":"https:\/\/zonadulce.co\/index.php?rest_route=\/wp\/v2\/pages"}],"about":[{"href":"https:\/\/zonadulce.co\/index.php?rest_route=\/wp\/v2\/types\/page"}],"author":[{"embeddable":true,"href":"https:\/\/zonadulce.co\/index.php?rest_route=\/wp\/v2\/users\/1"}],"replies":[{"embeddable":true,"href":"https:\/\/zonadulce.co\/index.php?rest_route=%2Fwp%2Fv2%2Fcomments&post=866"}],"version-history":[{"count":6,"href":"https:\/\/zonadulce.co\/index.php?rest_route=\/wp\/v2\/pages\/866\/revisions"}],"predecessor-version":[{"id":1018,"href":"https:\/\/zonadulce.co\/index.php?rest_route=\/wp\/v2\/pages\/866\/revisions\/1018"}],"wp:attachment":[{"href":"https:\/\/zonadulce.co\/index.php?rest_route=%2Fwp%2Fv2%2Fmedia&parent=866"}],"curies":[{"name":"wp","href":"https:\/\/api.w.org\/{rel}","templated":true}]}}