{"id":295,"date":"2021-03-04T18:24:32","date_gmt":"2021-03-04T23:24:32","guid":{"rendered":"http:\/\/zonadulce.co\/?product=import-placeholder-for-30"},"modified":"2021-05-05T17:01:29","modified_gmt":"2021-05-05T22:01:29","slug":"tentacion-de-maracuya","status":"publish","type":"product","link":"https:\/\/zonadulce.co\/?product=tentacion-de-maracuya","title":{"rendered":"Tentaci\u00f3n de maracuy\u00e1"},"content":{"rendered":"","protected":false},"excerpt":{"rendered":"<p>Ex\u00f3tica combinaci\u00f3n de semifr\u00edo de maracuy\u00e1 y capa de chocolate sobre una delgada capa de biscochuelo.<\/p>\n","protected":false},"featured_media":317,"comment_status":"open","ping_status":"closed","template":"","meta":[],"product_brand":[],"product_cat":[38],"product_tag":[],"class_list":{"0":"post-295","1":"product","2":"type-product","3":"status-publish","4":"has-post-thumbnail","6":"product_cat-rq-especialidades","8":"first","9":"instock","10":"taxable","11":"shipping-taxable","12":"product-type-variable","13":"has-default-attributes"},"_links":{"self":[{"href":"https:\/\/zonadulce.co\/index.php?rest_route=\/wp\/v2\/product\/295","targetHints":{"allow":["GET"]}}],"collection":[{"href":"https:\/\/zonadulce.co\/index.php?rest_route=\/wp\/v2\/product"}],"about":[{"href":"https:\/\/zonadulce.co\/index.php?rest_route=\/wp\/v2\/types\/product"}],"replies":[{"embeddable":true,"href":"https:\/\/zonadulce.co\/index.php?rest_route=%2Fwp%2Fv2%2Fcomments&post=295"}],"wp:featuredmedia":[{"embeddable":true,"href":"https:\/\/zonadulce.co\/index.php?rest_route=\/wp\/v2\/media\/317"}],"wp:attachment":[{"href":"https:\/\/zonadulce.co\/index.php?rest_route=%2Fwp%2Fv2%2Fmedia&parent=295"}],"wp:term":[{"taxonomy":"product_brand","embeddable":true,"href":"https:\/\/zonadulce.co\/index.php?rest_route=%2Fwp%2Fv2%2Fproduct_brand&post=295"},{"taxonomy":"product_cat","embeddable":true,"href":"https:\/\/zonadulce.co\/index.php?rest_route=%2Fwp%2Fv2%2Fproduct_cat&post=295"},{"taxonomy":"product_tag","embeddable":true,"href":"https:\/\/zonadulce.co\/index.php?rest_route=%2Fwp%2Fv2%2Fproduct_tag&post=295"}],"curies":[{"name":"wp","href":"https:\/\/api.w.org\/{rel}","templated":true}]}}