{"id":59,"date":"2021-03-04T18:18:17","date_gmt":"2021-03-04T23:18:17","guid":{"rendered":"http:\/\/zonadulce.co\/?product=import-placeholder-for-10"},"modified":"2021-03-06T22:47:31","modified_gmt":"2021-03-07T03:47:31","slug":"postre-de-coco","status":"publish","type":"product","link":"https:\/\/zonadulce.co\/?product=postre-de-coco","title":{"rendered":"Mousse de guan\u00e1bana sin az\u00facar"},"content":{"rendered":"","protected":false},"excerpt":{"rendered":"<p>Exquisito esponjado de guan\u00e1naba sobre un delicioso bizcochuelo sin az\u00facar y cubierto con salsa de frutos rojos sin az\u00facar, todo endulzado con fructosa<\/p>\n","protected":false},"featured_media":306,"comment_status":"open","ping_status":"closed","template":"","meta":[],"product_brand":[],"product_cat":[44],"product_tag":[],"class_list":{"0":"post-59","1":"product","2":"type-product","3":"status-publish","4":"has-post-thumbnail","6":"product_cat-rq-sin-azucar","8":"first","9":"instock","10":"taxable","11":"shipping-taxable","12":"purchasable","13":"product-type-variable","14":"has-default-attributes"},"_links":{"self":[{"href":"https:\/\/zonadulce.co\/index.php?rest_route=\/wp\/v2\/product\/59","targetHints":{"allow":["GET"]}}],"collection":[{"href":"https:\/\/zonadulce.co\/index.php?rest_route=\/wp\/v2\/product"}],"about":[{"href":"https:\/\/zonadulce.co\/index.php?rest_route=\/wp\/v2\/types\/product"}],"replies":[{"embeddable":true,"href":"https:\/\/zonadulce.co\/index.php?rest_route=%2Fwp%2Fv2%2Fcomments&post=59"}],"wp:featuredmedia":[{"embeddable":true,"href":"https:\/\/zonadulce.co\/index.php?rest_route=\/wp\/v2\/media\/306"}],"wp:attachment":[{"href":"https:\/\/zonadulce.co\/index.php?rest_route=%2Fwp%2Fv2%2Fmedia&parent=59"}],"wp:term":[{"taxonomy":"product_brand","embeddable":true,"href":"https:\/\/zonadulce.co\/index.php?rest_route=%2Fwp%2Fv2%2Fproduct_brand&post=59"},{"taxonomy":"product_cat","embeddable":true,"href":"https:\/\/zonadulce.co\/index.php?rest_route=%2Fwp%2Fv2%2Fproduct_cat&post=59"},{"taxonomy":"product_tag","embeddable":true,"href":"https:\/\/zonadulce.co\/index.php?rest_route=%2Fwp%2Fv2%2Fproduct_tag&post=59"}],"curies":[{"name":"wp","href":"https:\/\/api.w.org\/{rel}","templated":true}]}}