{"id":608,"date":"2021-03-06T22:19:31","date_gmt":"2021-03-07T03:19:31","guid":{"rendered":"http:\/\/zonadulce.co\/?product=import-placeholder-for-189"},"modified":"2021-05-11T21:41:49","modified_gmt":"2021-05-12T02:41:49","slug":"postre-de-gelatina","status":"publish","type":"product","link":"https:\/\/zonadulce.co\/?product=postre-de-gelatina","title":{"rendered":"Postre de gelatina"},"content":{"rendered":"","protected":false},"excerpt":{"rendered":"<p>Ex\u00f3tica combinaci\u00f3n de tres leches fr\u00edas con deliciosos trozos de gelatina de colores<\/p>\n","protected":false},"featured_media":311,"comment_status":"open","ping_status":"closed","template":"","meta":[],"product_brand":[],"product_cat":[17],"product_tag":[],"class_list":{"0":"post-608","1":"product","2":"type-product","3":"status-publish","4":"has-post-thumbnail","6":"product_cat-rq-tradicionales","8":"first","9":"instock","10":"taxable","11":"shipping-taxable","12":"product-type-variable","13":"has-default-attributes"},"_links":{"self":[{"href":"https:\/\/zonadulce.co\/index.php?rest_route=\/wp\/v2\/product\/608","targetHints":{"allow":["GET"]}}],"collection":[{"href":"https:\/\/zonadulce.co\/index.php?rest_route=\/wp\/v2\/product"}],"about":[{"href":"https:\/\/zonadulce.co\/index.php?rest_route=\/wp\/v2\/types\/product"}],"replies":[{"embeddable":true,"href":"https:\/\/zonadulce.co\/index.php?rest_route=%2Fwp%2Fv2%2Fcomments&post=608"}],"wp:featuredmedia":[{"embeddable":true,"href":"https:\/\/zonadulce.co\/index.php?rest_route=\/wp\/v2\/media\/311"}],"wp:attachment":[{"href":"https:\/\/zonadulce.co\/index.php?rest_route=%2Fwp%2Fv2%2Fmedia&parent=608"}],"wp:term":[{"taxonomy":"product_brand","embeddable":true,"href":"https:\/\/zonadulce.co\/index.php?rest_route=%2Fwp%2Fv2%2Fproduct_brand&post=608"},{"taxonomy":"product_cat","embeddable":true,"href":"https:\/\/zonadulce.co\/index.php?rest_route=%2Fwp%2Fv2%2Fproduct_cat&post=608"},{"taxonomy":"product_tag","embeddable":true,"href":"https:\/\/zonadulce.co\/index.php?rest_route=%2Fwp%2Fv2%2Fproduct_tag&post=608"}],"curies":[{"name":"wp","href":"https:\/\/api.w.org\/{rel}","templated":true}]}}